{"id":223,"date":"2023-06-01T12:09:45","date_gmt":"2023-06-01T10:09:45","guid":{"rendered":"https:\/\/automecanicaluis.com\/?page_id=223"},"modified":"2023-06-02T11:26:53","modified_gmt":"2023-06-02T09:26:53","slug":"sobre-nosotros","status":"publish","type":"page","link":"https:\/\/automecanicaluis.com\/en\/sobre-nosotros\/","title":{"rendered":"SOBRE NOSOTROS"},"content":{"rendered":"<div data-elementor-type=\"wp-page\" data-elementor-id=\"223\" class=\"elementor elementor-223\">\n\t\t\t\t\t\t\t\t\t<section data-particle_enable=\"false\" data-particle-mobile-disabled=\"false\" class=\"elementor-section elementor-top-section elementor-element elementor-element-4d5c8e37 elementor-reverse-tablet elementor-reverse-mobile elementor-section-boxed elementor-section-height-default elementor-section-height-default\" data-id=\"4d5c8e37\" data-element_type=\"section\" data-settings=\"{&quot;background_background&quot;:&quot;classic&quot;}\">\n\t\t\t\t\t\t\t<div class=\"elementor-background-overlay\"><\/div>\n\t\t\t\t\t\t\t<div class=\"elementor-container elementor-column-gap-no\">\n\t\t\t\t\t<div class=\"elementor-column elementor-col-100 elementor-top-column elementor-element elementor-element-1a54a1cf\" data-id=\"1a54a1cf\" data-element_type=\"column\">\n\t\t\t<div class=\"elementor-widget-wrap elementor-element-populated\">\n\t\t\t\t\t\t\t\t<div class=\"elementor-element elementor-element-a3a77cf elementor-widget elementor-widget-heading\" data-id=\"a3a77cf\" data-element_type=\"widget\" data-widget_type=\"heading.default\">\n\t\t\t\t<div class=\"elementor-widget-container\">\n\t\t\t<style>\/*! elementor - v3.14.0 - 26-06-2023 *\/\n.elementor-heading-title{padding:0;margin:0;line-height:1}.elementor-widget-heading .elementor-heading-title[class*=elementor-size-]>a{color:inherit;font-size:inherit;line-height:inherit}.elementor-widget-heading .elementor-heading-title.elementor-size-small{font-size:15px}.elementor-widget-heading .elementor-heading-title.elementor-size-medium{font-size:19px}.elementor-widget-heading .elementor-heading-title.elementor-size-large{font-size:29px}.elementor-widget-heading .elementor-heading-title.elementor-size-xl{font-size:39px}.elementor-widget-heading .elementor-heading-title.elementor-size-xxl{font-size:59px}<\/style><h1 class=\"elementor-heading-title elementor-size-default\">Sobre Nosotros<\/h1>\t\t<\/div>\n\t\t\t\t<\/div>\n\t\t\t\t<div class=\"elementor-element elementor-element-4e704203 elementor-widget elementor-widget-heading\" data-id=\"4e704203\" data-element_type=\"widget\" data-widget_type=\"heading.default\">\n\t\t\t\t<div class=\"elementor-widget-container\">\n\t\t\t<p class=\"elementor-heading-title elementor-size-default\">En Autom\u00e9canica Luis nos esforzamos por ofrecerte un servicio de m\u00e1xima calidad, utilizando solo los mejores productos y herramientas.\n\n\n\n\n<\/p>\t\t<\/div>\n\t\t\t\t<\/div>\n\t\t\t\t\t<\/div>\n\t\t<\/div>\n\t\t\t\t\t\t\t<\/div>\n\t\t<\/section>\n\t\t\t\t<section data-particle_enable=\"false\" data-particle-mobile-disabled=\"false\" class=\"elementor-section elementor-top-section elementor-element elementor-element-775fe7e1 elementor-section-content-middle elementor-section-boxed elementor-section-height-default elementor-section-height-default\" data-id=\"775fe7e1\" data-element_type=\"section\" data-settings=\"{&quot;background_background&quot;:&quot;gradient&quot;}\">\n\t\t\t\t\t\t<div class=\"elementor-container elementor-column-gap-no\">\n\t\t\t\t\t<div class=\"elementor-column elementor-col-100 elementor-top-column elementor-element elementor-element-6fa4c547\" data-id=\"6fa4c547\" data-element_type=\"column\">\n\t\t\t<div class=\"elementor-widget-wrap elementor-element-populated\">\n\t\t\t\t\t\t\t\t<div class=\"elementor-element elementor-element-231dd8b eael-divider-center elementor-widget elementor-widget-eael-divider\" data-id=\"231dd8b\" data-element_type=\"widget\" data-widget_type=\"eael-divider.default\">\n\t\t\t\t<div class=\"elementor-widget-container\">\n\t\t\t\t\t<div class=\"eael-divider-wrap divider-direction-horizontal\">\n\t\t\t\t\t\t\t<div class=\"divider-text-container\">\n\t\t\t\t\t<div class=\"divider-text-wrap\">\n\t\t\t\t\t\t\t\t\t\t\t\t<span class=\"eael-divider-content\">\n\t\t\t\t\t\t\t\t\t\t\t\t\t\t\t<span class=\"eael-divider-text\">sobre nosotros<\/span>\t\t\t\t\t\t\t\t\t\t\t\t\t<\/span>\n\t\t\t\t\t\t\t\t\t\t\t\t\t<span class=\"divider-border-wrap divider-border-right\">\n\t\t\t\t\t\t\t\t<span class=\"divider-border\"><\/span>\n\t\t\t\t\t\t\t<\/span>\n\t\t\t\t\t\t\t\t\t\t\t<\/div>\n\t\t\t\t<\/div>\n\t\t\t\t\t<\/div>\n\t\t<\/div>\n\t\t\t\t<\/div>\n\t\t\t\t<div class=\"elementor-element elementor-element-33ac0d67 elementor-widget elementor-widget-heading\" data-id=\"33ac0d67\" data-element_type=\"widget\" data-widget_type=\"heading.default\">\n\t\t\t\t<div class=\"elementor-widget-container\">\n\t\t\t<h2 class=\"elementor-heading-title elementor-size-default\">Conocenos un poquito m\u00e1s<\/h2>\t\t<\/div>\n\t\t\t\t<\/div>\n\t\t\t\t<div class=\"elementor-element elementor-element-a466613 elementor-widget elementor-widget-text-editor\" data-id=\"a466613\" data-element_type=\"widget\" data-widget_type=\"text-editor.default\">\n\t\t\t\t<div class=\"elementor-widget-container\">\n\t\t\t<style>\/*! elementor - v3.14.0 - 26-06-2023 *\/\n.elementor-widget-text-editor.elementor-drop-cap-view-stacked .elementor-drop-cap{background-color:#69727d;color:#fff}.elementor-widget-text-editor.elementor-drop-cap-view-framed .elementor-drop-cap{color:#69727d;border:3px solid;background-color:transparent}.elementor-widget-text-editor:not(.elementor-drop-cap-view-default) .elementor-drop-cap{margin-top:8px}.elementor-widget-text-editor:not(.elementor-drop-cap-view-default) .elementor-drop-cap-letter{width:1em;height:1em}.elementor-widget-text-editor .elementor-drop-cap{float:left;text-align:center;line-height:1;font-size:50px}.elementor-widget-text-editor .elementor-drop-cap-letter{display:inline-block}<\/style>\t\t\t\t<p><span style=\"font-weight: 300;\">En Automec\u00e1nica Luis somos un taller especializado en servicios de mec\u00e1nica general para autom\u00f3viles. Con m\u00e1s de <\/span><b>20 a\u00f1os de experiencia<\/b><span style=\"font-weight: 300;\"> en el sector, nos hemos consolidado como una referencia en el mantenimiento y reparaci\u00f3n de veh\u00edculos en nuestra ciudad.<\/span><\/p><p><span style=\"font-weight: 300;\">Podemos abordar cualquier reparaci\u00f3n o revisi\u00f3n, sin importar la marca o el modelo del autom\u00f3vil.<\/span><\/p><p><span style=\"font-weight: 300;\">Adem\u00e1s, nos mantenemos actualizados en las \u00faltimas tendencias y avances tecnol\u00f3gicos en el sector automotriz. Esto nos permite ofrecerte soluciones innovadoras y adaptadas a las necesidades espec\u00edficas de tu veh\u00edculo.<\/span><\/p><p><span style=\"font-weight: 300;\">Utilizamos equipos y herramientas de \u00faltima generaci\u00f3n para asegurarnos de que <\/span><b>cada trabajo se realice con precisi\u00f3n y eficiencia.<\/b><\/p><p><span style=\"font-weight: 300;\">Solo trabajamos con proveedores de <\/span><b>confianza <\/b><span style=\"font-weight: 300;\">y utilizamos productos de calidad para garantizar la durabilidad y el rendimiento \u00f3ptimo de tu veh\u00edculo.<\/span><\/p>\t\t\t\t\t\t<\/div>\n\t\t\t\t<\/div>\n\t\t\t\t\t<\/div>\n\t\t<\/div>\n\t\t\t\t\t\t\t<\/div>\n\t\t<\/section>\n\t\t\t\t<section data-particle_enable=\"false\" data-particle-mobile-disabled=\"false\" class=\"elementor-section elementor-top-section elementor-element elementor-element-658476bb elementor-section-boxed elementor-section-height-default elementor-section-height-default\" data-id=\"658476bb\" data-element_type=\"section\" data-settings=\"{&quot;background_background&quot;:&quot;classic&quot;}\">\n\t\t\t\t\t\t\t<div class=\"elementor-background-overlay\"><\/div>\n\t\t\t\t\t\t\t<div class=\"elementor-container elementor-column-gap-no\">\n\t\t\t\t\t<div class=\"elementor-column elementor-col-100 elementor-top-column elementor-element elementor-element-ed035fc\" data-id=\"ed035fc\" data-element_type=\"column\" data-settings=\"{&quot;background_background&quot;:&quot;classic&quot;}\">\n\t\t\t<div class=\"elementor-widget-wrap elementor-element-populated\">\n\t\t\t\t\t<div class=\"elementor-background-overlay\"><\/div>\n\t\t\t\t\t\t\t\t<section data-particle_enable=\"false\" data-particle-mobile-disabled=\"false\" class=\"elementor-section elementor-inner-section elementor-element elementor-element-578b67 elementor-section-full_width elementor-section-height-default elementor-section-height-default\" data-id=\"578b67\" data-element_type=\"section\">\n\t\t\t\t\t\t<div class=\"elementor-container elementor-column-gap-no\">\n\t\t\t\t\t<div class=\"elementor-column elementor-col-100 elementor-inner-column elementor-element elementor-element-40796cee\" data-id=\"40796cee\" data-element_type=\"column\">\n\t\t\t<div class=\"elementor-widget-wrap elementor-element-populated\">\n\t\t\t\t\t\t\t\t<div class=\"elementor-element elementor-element-1d35efb4 elementor-widget elementor-widget-counter\" data-id=\"1d35efb4\" data-element_type=\"widget\" data-widget_type=\"counter.default\">\n\t\t\t\t<div class=\"elementor-widget-container\">\n\t\t\t<style>\/*! elementor - v3.14.0 - 26-06-2023 *\/\n.elementor-counter .elementor-counter-number-wrapper{display:flex;font-size:69px;font-weight:600;line-height:1}.elementor-counter .elementor-counter-number-prefix,.elementor-counter .elementor-counter-number-suffix{flex-grow:1;white-space:pre-wrap}.elementor-counter .elementor-counter-number-prefix{text-align:right}.elementor-counter .elementor-counter-number-suffix{text-align:left}.elementor-counter .elementor-counter-title{text-align:center;font-size:19px;font-weight:400;line-height:2.5}<\/style>\t\t<div class=\"elementor-counter\">\n\t\t\t<div class=\"elementor-counter-number-wrapper\">\n\t\t\t\t<span class=\"elementor-counter-number-prefix\">M\u00e1s de <\/span>\n\t\t\t\t<span class=\"elementor-counter-number\" data-duration=\"2000\" data-to-value=\"20\" data-from-value=\"\" data-delimiter=\",\"><\/span>\n\t\t\t\t<span class=\"elementor-counter-number-suffix\"><\/span>\n\t\t\t<\/div>\n\t\t\t\t\t\t\t<div class=\"elementor-counter-title\"> a\u00f1os de experiencia<\/div>\n\t\t\t\t\t<\/div>\n\t\t\t\t<\/div>\n\t\t\t\t<\/div>\n\t\t\t\t\t<\/div>\n\t\t<\/div>\n\t\t\t\t\t\t\t<\/div>\n\t\t<\/section>\n\t\t\t\t\t<\/div>\n\t\t<\/div>\n\t\t\t\t\t\t\t<\/div>\n\t\t<\/section>\n\t\t\t\t\t\t\t<\/div>","protected":false},"excerpt":{"rendered":"<p>Sobre Nosotros En Autom\u00e9canica Luis nos esforzamos por ofrecerte un servicio de m\u00e1xima calidad, utilizando solo los mejores productos y herramientas. sobre nosotros Conocenos un poquito m\u00e1s En Automec\u00e1nica Luis somos un taller especializado en servicios de mec\u00e1nica general para autom\u00f3viles. Con m\u00e1s de 20 a\u00f1os de experiencia en el sector, nos hemos consolidado como [&hellip;]<\/p>","protected":false},"author":1,"featured_media":0,"parent":0,"menu_order":0,"comment_status":"closed","ping_status":"closed","template":"","meta":{"_eb_attr":""},"yoast_head":"<!-- This site is optimized with the Yoast SEO plugin v21.0 - https:\/\/yoast.com\/wordpress\/plugins\/seo\/ -->\n<title>SOBRE NOSOTROS - Automec\u00e1nica Luis - Taller de Mec\u00e1nica General<\/title>\n<meta name=\"robots\" content=\"index, follow, max-snippet:-1, max-image-preview:large, max-video-preview:-1\" \/>\n<link rel=\"canonical\" href=\"https:\/\/automecanicaluis.com\/en\/sobre-nosotros\/\" \/>\n<meta property=\"og:locale\" content=\"en_GB\" \/>\n<meta property=\"og:type\" content=\"article\" \/>\n<meta property=\"og:title\" content=\"SOBRE NOSOTROS - Automec\u00e1nica Luis - Taller de Mec\u00e1nica General\" \/>\n<meta property=\"og:description\" content=\"Sobre Nosotros En Autom\u00e9canica Luis nos esforzamos por ofrecerte un servicio de m\u00e1xima calidad, utilizando solo los mejores productos y herramientas. sobre nosotros Conocenos un poquito m\u00e1s En Automec\u00e1nica Luis somos un taller especializado en servicios de mec\u00e1nica general para autom\u00f3viles. Con m\u00e1s de 20 a\u00f1os de experiencia en el sector, nos hemos consolidado como [&hellip;]\" \/>\n<meta property=\"og:url\" content=\"https:\/\/automecanicaluis.com\/en\/sobre-nosotros\/\" \/>\n<meta property=\"og:site_name\" content=\"Automec\u00e1nica Luis - Taller de Mec\u00e1nica General\" \/>\n<meta property=\"article:modified_time\" content=\"2023-06-02T09:26:53+00:00\" \/>\n<meta name=\"twitter:card\" content=\"summary_large_image\" \/>\n<meta name=\"twitter:label1\" content=\"Estimated reading time\" \/>\n\t<meta name=\"twitter:data1\" content=\"1 minute\" \/>\n<script type=\"application\/ld+json\" class=\"yoast-schema-graph\">{\"@context\":\"https:\/\/schema.org\",\"@graph\":[{\"@type\":\"WebPage\",\"@id\":\"https:\/\/automecanicaluis.com\/sobre-nosotros\/\",\"url\":\"https:\/\/automecanicaluis.com\/sobre-nosotros\/\",\"name\":\"SOBRE NOSOTROS - Automec\u00e1nica Luis - Taller de Mec\u00e1nica General\",\"isPartOf\":{\"@id\":\"https:\/\/automecanicaluis.com\/#website\"},\"datePublished\":\"2023-06-01T10:09:45+00:00\",\"dateModified\":\"2023-06-02T09:26:53+00:00\",\"breadcrumb\":{\"@id\":\"https:\/\/automecanicaluis.com\/sobre-nosotros\/#breadcrumb\"},\"inLanguage\":\"en-GB\",\"potentialAction\":[{\"@type\":\"ReadAction\",\"target\":[\"https:\/\/automecanicaluis.com\/sobre-nosotros\/\"]}]},{\"@type\":\"BreadcrumbList\",\"@id\":\"https:\/\/automecanicaluis.com\/sobre-nosotros\/#breadcrumb\",\"itemListElement\":[{\"@type\":\"ListItem\",\"position\":1,\"name\":\"Portada\",\"item\":\"https:\/\/automecanicaluis.com\/\"},{\"@type\":\"ListItem\",\"position\":2,\"name\":\"SOBRE NOSOTROS\"}]},{\"@type\":\"WebSite\",\"@id\":\"https:\/\/automecanicaluis.com\/#website\",\"url\":\"https:\/\/automecanicaluis.com\/\",\"name\":\"Automec\u00e1nica Luis - Taller de Mec\u00e1nica General\",\"description\":\"En Automec\u00e1nica Luis somos especialistas en en todo tipo de servicios para tu veh\u00edculo. Nos avalan m\u00e1s de 20 a\u00f1os de experiencia.\",\"publisher\":{\"@id\":\"https:\/\/automecanicaluis.com\/#organization\"},\"potentialAction\":[{\"@type\":\"SearchAction\",\"target\":{\"@type\":\"EntryPoint\",\"urlTemplate\":\"https:\/\/automecanicaluis.com\/?s={search_term_string}\"},\"query-input\":\"required name=search_term_string\"}],\"inLanguage\":\"en-GB\"},{\"@type\":\"Organization\",\"@id\":\"https:\/\/automecanicaluis.com\/#organization\",\"name\":\"Automec\u00e1nica Luis - Taller de Mec\u00e1nica General\",\"url\":\"https:\/\/automecanicaluis.com\/\",\"logo\":{\"@type\":\"ImageObject\",\"inLanguage\":\"en-GB\",\"@id\":\"https:\/\/automecanicaluis.com\/#\/schema\/logo\/image\/\",\"url\":\"https:\/\/automecanicaluis.com\/wp-content\/uploads\/logo-Automecanica-Luis-1.svg\",\"contentUrl\":\"https:\/\/automecanicaluis.com\/wp-content\/uploads\/logo-Automecanica-Luis-1.svg\",\"width\":42495,\"height\":15157,\"caption\":\"Automec\u00e1nica Luis - Taller de Mec\u00e1nica General\"},\"image\":{\"@id\":\"https:\/\/automecanicaluis.com\/#\/schema\/logo\/image\/\"}}]}<\/script>\n<!-- \/ Yoast SEO plugin. -->","yoast_head_json":{"title":"SOBRE NOSOTROS - Automec\u00e1nica Luis - Taller de Mec\u00e1nica General","robots":{"index":"index","follow":"follow","max-snippet":"max-snippet:-1","max-image-preview":"max-image-preview:large","max-video-preview":"max-video-preview:-1"},"canonical":"https:\/\/automecanicaluis.com\/en\/sobre-nosotros\/","og_locale":"en_GB","og_type":"article","og_title":"SOBRE NOSOTROS - Automec\u00e1nica Luis - Taller de Mec\u00e1nica General","og_description":"Sobre Nosotros En Autom\u00e9canica Luis nos esforzamos por ofrecerte un servicio de m\u00e1xima calidad, utilizando solo los mejores productos y herramientas. sobre nosotros Conocenos un poquito m\u00e1s En Automec\u00e1nica Luis somos un taller especializado en servicios de mec\u00e1nica general para autom\u00f3viles. Con m\u00e1s de 20 a\u00f1os de experiencia en el sector, nos hemos consolidado como [&hellip;]","og_url":"https:\/\/automecanicaluis.com\/en\/sobre-nosotros\/","og_site_name":"Automec\u00e1nica Luis - Taller de Mec\u00e1nica General","article_modified_time":"2023-06-02T09:26:53+00:00","twitter_card":"summary_large_image","twitter_misc":{"Estimated reading time":"1 minute"},"schema":{"@context":"https:\/\/schema.org","@graph":[{"@type":"WebPage","@id":"https:\/\/automecanicaluis.com\/sobre-nosotros\/","url":"https:\/\/automecanicaluis.com\/sobre-nosotros\/","name":"SOBRE NOSOTROS - Automec\u00e1nica Luis - Taller de Mec\u00e1nica General","isPartOf":{"@id":"https:\/\/automecanicaluis.com\/#website"},"datePublished":"2023-06-01T10:09:45+00:00","dateModified":"2023-06-02T09:26:53+00:00","breadcrumb":{"@id":"https:\/\/automecanicaluis.com\/sobre-nosotros\/#breadcrumb"},"inLanguage":"en-GB","potentialAction":[{"@type":"ReadAction","target":["https:\/\/automecanicaluis.com\/sobre-nosotros\/"]}]},{"@type":"BreadcrumbList","@id":"https:\/\/automecanicaluis.com\/sobre-nosotros\/#breadcrumb","itemListElement":[{"@type":"ListItem","position":1,"name":"Portada","item":"https:\/\/automecanicaluis.com\/"},{"@type":"ListItem","position":2,"name":"SOBRE NOSOTROS"}]},{"@type":"WebSite","@id":"https:\/\/automecanicaluis.com\/#website","url":"https:\/\/automecanicaluis.com\/","name":"Automec\u00e1nica Luis - Taller de Mec\u00e1nica General","description":"En Automec\u00e1nica Luis somos especialistas en en todo tipo de servicios para tu veh\u00edculo. Nos avalan m\u00e1s de 20 a\u00f1os de experiencia.","publisher":{"@id":"https:\/\/automecanicaluis.com\/#organization"},"potentialAction":[{"@type":"SearchAction","target":{"@type":"EntryPoint","urlTemplate":"https:\/\/automecanicaluis.com\/?s={search_term_string}"},"query-input":"required name=search_term_string"}],"inLanguage":"en-GB"},{"@type":"Organization","@id":"https:\/\/automecanicaluis.com\/#organization","name":"Automec\u00e1nica Luis - Taller de Mec\u00e1nica General","url":"https:\/\/automecanicaluis.com\/","logo":{"@type":"ImageObject","inLanguage":"en-GB","@id":"https:\/\/automecanicaluis.com\/#\/schema\/logo\/image\/","url":"https:\/\/automecanicaluis.com\/wp-content\/uploads\/logo-Automecanica-Luis-1.svg","contentUrl":"https:\/\/automecanicaluis.com\/wp-content\/uploads\/logo-Automecanica-Luis-1.svg","width":42495,"height":15157,"caption":"Automec\u00e1nica Luis - Taller de Mec\u00e1nica General"},"image":{"@id":"https:\/\/automecanicaluis.com\/#\/schema\/logo\/image\/"}}]}},"_links":{"self":[{"href":"https:\/\/automecanicaluis.com\/en\/wp-json\/wp\/v2\/pages\/223"}],"collection":[{"href":"https:\/\/automecanicaluis.com\/en\/wp-json\/wp\/v2\/pages"}],"about":[{"href":"https:\/\/automecanicaluis.com\/en\/wp-json\/wp\/v2\/types\/page"}],"author":[{"embeddable":true,"href":"https:\/\/automecanicaluis.com\/en\/wp-json\/wp\/v2\/users\/1"}],"replies":[{"embeddable":true,"href":"https:\/\/automecanicaluis.com\/en\/wp-json\/wp\/v2\/comments?post=223"}],"version-history":[{"count":23,"href":"https:\/\/automecanicaluis.com\/en\/wp-json\/wp\/v2\/pages\/223\/revisions"}],"predecessor-version":[{"id":266,"href":"https:\/\/automecanicaluis.com\/en\/wp-json\/wp\/v2\/pages\/223\/revisions\/266"}],"wp:attachment":[{"href":"https:\/\/automecanicaluis.com\/en\/wp-json\/wp\/v2\/media?parent=223"}],"curies":[{"name":"wp","href":"https:\/\/api.w.org\/{rel}","templated":true}]}}